{"id":1442,"date":"2022-12-14T16:22:36","date_gmt":"2022-12-14T15:22:36","guid":{"rendered":"http:\/\/www.hotelsplendid.info\/?page_id=1442"},"modified":"2026-02-23T16:24:47","modified_gmt":"2026-02-23T15:24:47","slug":"gatteo-mare-summer-village","status":"publish","type":"page","link":"https:\/\/www.hotelsplendid.info\/en\/gatteo-mare-summer-village\/","title":{"rendered":"Gatteo Mare Summer Village"},"content":{"rendered":"<div class=\"g--bkg-light-01\">\n\n\n<section class=\"wao-blocks-container container-fluid mb-0 p-0 g--bkg-light-01\"\n\t\t>\n    \n<div class=\"wao-blocks-row row p-0 m-0\" >\n    \n\n<div class=\"col-12 col-md-12 p-0 m-0 position-relative\"\n     \n\t \n\t>\n        \n\n<div id=\"flc-carousel\" data-cellAlign=\"center\" data-bgLazyLoad=\"1\" data-freeScroll=\"true\" data-wrapAround=\"true\" data-autoPlay=\"2000\" data-pauseAutoPlayOnHover =\"true\" data-prevNextButtons=\"false\" data-contain=\"true\" data-pageDots=\"false\" data-draggable=\"false\" data-groupCells=\"1\" data-fade=\"false\" class=\"js--flickity wao-blocks-slider slider-top flc-carousel-4250\"  >\n\n                            <div class=\"w-100\">\n                    \n    <div style='background: url(http:\/\/www.hotelsplendid.info\/wp-content\/uploads\/2022\/12\/summer-village-top.jpeg)center center rgba(56,38,30,0.5); background-blend-mode: multiply; background-size: cover; height: 65vh; background-position: 50% 50%;' class='wao-blocks-flc-banner'>\n        <div \n            class='carousel-caption mobile-tablet-centered text-center' \n                        style='max-width: 500px; bottom: 5%; background-color:  ; margin:  auto            '>\n                    <\/div>\n        <style>\n            @media screen and (max-width: 992px) {\n                .mobile-tablet-centered {\n                    margin: auto !important;\n                }\n            }\n        <\/style>\n    <\/div>\n    \n                <\/div>\n            \n<\/div>\n\n<div class=\"position-absolute l--top d-none d-md-flex align-items-center justify-content-start l--left z-index-10 w-100 h-100\">\n<span class=\"h1 text-white text-italic pl-5 py-4 border-bottom-4px g--b-c-02 text-right \">Gatteo Mare Summer Village<\/span>\n<\/div>\n    <\/div>\n<\/div>\n<\/section>\n\n<section class=\"wao-blocks-container container-fluid mb-0 d-flex align-items-center justify-content-center g--bkg-light-01\"\n\t\t>\n    \n<div class=\"wao-blocks-row row\" >\n    \n\n<div class=\"col-12 col-md-12 px-5 pt-4 pb-5\"\n     \n\t \n\t>\n        \n<div class=\" mx-auto\" style=\"max-width:1024px;\">\n\n\n<div class=\"breadcrumb-block p-3\"\n    >\n    <div class=\"text-primary mx-auto text-center small font-weight-bold\">\n        <a href=\"https:\/\/www.hotelsplendid.info\/en\" rel=\"nofollow\" title=\"Home\">Home &gt;<\/a>\n        Gatteo Mare Summer Village    <\/div>\n<\/div>\n\n\n<h1 class=\"wp-block-heading has-text-align-center\">Gatteo Mare d\u2019estate si trasforma\u2026<\/h1>\n\n\n\n<h2 class=\"wp-block-heading has-text-align-center h3 pb-4 m-0 text-uppercase\">\u2026 in un vero e proprio villaggio turistico!<\/h2>\n\n\n<hr class=\"mt-0 mb-4 hr-personalizzata\">\n\n\n<p class=\"has-text-align-center\">Se sei in cerca di una vacanza indimenticabile, Gatteo Mare \u00e8 la meta che fa per te!<br>Durante i mesi estivi la spiaggia e tutta la citt\u00e0 diventano un <strong>enorme villaggio turistico<\/strong>.<\/p>\n\n\n\n<p class=\"has-text-align-center\">Tutti gli operatori di Gatteo Mare mettono energie e abilit\u00e0 per regalarti la pi\u00f9 bella vacanza nella Riviera Romagnola, organizzando <strong>divertenti attivit\u00e0<\/strong> durante l'arco di tutta la giornata.<\/p>\n\n\n<\/div>\n    <\/div>\n<\/div>\n<\/section>\n\n<section class=\"wao-blocks-container container-fluid mb-0 px-5 pb-5\"\n\t\t>\n    \n<div class=\"wao-blocks-row row\" >\n    \n\n<div class=\"col-12 col-md-12 col-lg-6 col-xl-5 p-0 order-lg-1 order-2\"\n     \n\t \n\t>\n        \n<div class=\"p-4 g--bkg-light-01 w-100 h-100 boxborder-l60\" >\n\n\n<h2 class=\"wp-block-heading has-text-align-left h1\">Di giorno giochi<\/h2>\n\n\n\n<p class=\"has-text-align-left font-weight-bold h3 text-uppercase \">e di sera spettacoli!<\/p>\n\n\n<hr class=\"mt-0 ml-1 hr-personalizzata\">\n\n\n<p>A Gatteo Mare durante il giorno <strong>ci si diverte sulla spiaggia <\/strong>con giochi e attivit\u00e0 di animazione per bambini, baby dance per i pi\u00f9 piccini, lezioni di acquagym, avvincenti tornei di beach volley e beach tennis, giochi a squadre e balli di gruppi capaci di smuovere anche gli animi pi\u00f9 pigri.<\/p>\n\n\n\n<p>La sera invece la citt\u00e0 si trasforma in un paese in festa con luci, colori, <strong>spettacoli degli artisti di strada<\/strong> e tanti eventi da non perdere, ideali per il divertimento di tutta la famiglia!<\/p>\n\n\n<\/div>\n    <\/div>\n\n\n<div class=\"col-12 col-lg-6 col-xl-5 p-0 order-lg-2 order-1\"\n     \n\t \n\t>\n        \n    <figure\n        class=\"wao-blocks-immagine-bkg w-100 h-100 m-0\"\n        style=\"background: url('http:\/\/www.hotelsplendid.info\/wp-content\/uploads\/2022\/12\/animazione-gatteo-village-2.jpg') center center \/ cover no-repeat; min-height: 400px;\"\n        >\n            <\/figure>\n\n    <\/div>\n\n\n<div class=\"col-12 col-xl-2 p-0 d-none d-xl-inline order-3\"\n     \n\t \n\t>\n        \n    <figure\n        class=\"wao-blocks-immagine-bkg h-100 w-100\"\n        style=\"background: url('http:\/\/www.hotelsplendid.info\/wp-content\/uploads\/2022\/12\/sfondo-merida-1024x683.png') center center \/ cover no-repeat; min-height: 400px;\"\n        >\n            <\/figure>\n\n    <\/div>\n<\/div>\n<\/section>\n\n<section class=\"wao-blocks-container container-fluid mb-0 px-5 pb-5\"\n\t\t>\n    \n<div class=\"wao-blocks-row row\" >\n    \n\n<div class=\"col-12 col-md-12 col-lg-6 col-xl-5 p-0 order-lg-3 order-2\"\n     \n\t \n\t>\n        \n<div class=\"p-4 g--bkg-light-01 w-100 h-100 boxborder-r60\" >\n\n\n<h2 class=\"wp-block-heading has-text-align-left h1\">Settimana del Liscio<\/h2>\n\n\n\n<p class=\"has-text-align-left font-weight-bold h3 text-uppercase \">Vieni a ballare sotto le stelle<\/p>\n\n\n<hr class=\"mt-0 ml-1 hr-personalizzata\">\n\n\n<p>Il programma del Gatteo Mare Summer Village \u00e8 davvero ampio e si anima gi\u00e0 a partire dal mese di giugno, con il primo appuntamento della <strong>Settimana del Liscio<\/strong>, che ti aspetta anche per un secondo giro di danza a settembre.<\/p>\n\n\n\n<p>Sette giorni in cui Gatteo Mare si trasforma in una grande pista da ballo a cielo aperto, con tanti ospiti d\u2019eccezione, musica e spettacoli per tutta la famiglia.<\/p>\n\n\n\n<p>P.s.: non dimenticare le scarpe da ballo in valigia!<\/p>\n\n\n<\/div>\n    <\/div>\n\n\n<div class=\"col-12 col-lg-6 col-xl-5 p-0 order-lg-2 order-1\"\n     \n\t \n\t>\n        \n<div class=\"video-container3 sf-video-danza\">\n<iframe src=\"https:\/\/player.vimeo.com\/video\/1103472475?autoplay=1&loop=1&autopause=0&background=1\" frameborder=\"0\" allow=\"autoplay; fullscreen; picture-in-picture; clipboard-write\" title=\"Video danza sotto le stelle\" class=\"d-block\"><\/iframe>\n<script src=\"https:\/\/player.vimeo.com\/api\/player.js\"><\/script>\n<\/div>\n    <\/div>\n\n\n<div class=\"col-12 col-xl-2 p-0 d-none d-xl-inline order-1\"\n     \n\t \n\t>\n        \n    <figure\n        class=\"wao-blocks-immagine-bkg h-100 w-100\"\n        style=\"background: url('http:\/\/www.hotelsplendid.info\/wp-content\/uploads\/2022\/12\/sfondo-merida-1024x683.png') center center \/ cover no-repeat; min-height: 400px;\"\n        >\n            <\/figure>\n\n    <\/div>\n<\/div>\n<\/section>\n\n<section class=\"wao-blocks-container container-fluid mb-0 px-5 pb-5\"\n\t\t>\n    \n<div class=\"wao-blocks-row row\" >\n    \n\n<div class=\"col-12 col-md-12 col-lg-6 col-xl-5 p-0 order-lg-1 order-2\"\n     \n\t \n\t>\n        \n<div class=\"p-4 g--bkg-light-01 w-100 h-100 boxborder-l60\" >\n\n\n<h2 class=\"wp-block-heading has-text-align-left h1\">Cena Romana<\/h2>\n\n\n\n<p class=\"has-text-align-left font-weight-bold h3 text-uppercase \">Tra storia e tradizioni<\/p>\n\n\n<hr class=\"mt-0 ml-1 hr-personalizzata\">\n\n\n<p>Tra gli appuntamenti estivi pi\u00f9 attesi c\u2019\u00e8 la <strong>Cena Romana<\/strong>, una serata ad inizio estate in cui tornerai indietro nel tempo, teletrasportato nell\u2019antica Roma.<\/p>\n\n\n\n<p>Sul lungomare di Gatteo Mare sorge un lungo banchetto dove ti troverai a pasteggiare e brindare con centurioni e soldati, in onore di Giulio Cesare, che nel 49 a.C. attravers\u00f2 il fiume Rubicone a capo delle sue legioni.<br>E per essere una cena romana degna di questo nome, non mancheranno danze e spettacoli, ovviamente tutti con<strong> vestiti a tema<\/strong>.<\/p>\n\n\n<\/div>\n    <\/div>\n\n\n<div class=\"col-12 col-lg-6 col-xl-5 p-0 order-lg-2 order-1\"\n     \n\t \n\t>\n        \n<div class=\"video-container3 sf-video-cena\">\n<iframe src=\"https:\/\/player.vimeo.com\/video\/1103472436?autoplay=1&loop=1&autopause=0&background=1\" frameborder=\"0\" allow=\"autoplay; fullscreen; picture-in-picture; clipboard-write\" title=\"Video cena romana\" class=\"d-block\"><\/iframe>\n<\/div>\n    <\/div>\n\n\n<div class=\"col-12 col-xl-2 p-0 d-none d-xl-inline order-3\"\n     \n\t \n\t>\n        \n    <figure\n        class=\"wao-blocks-immagine-bkg h-100 w-100\"\n        style=\"background: url('http:\/\/www.hotelsplendid.info\/wp-content\/uploads\/2022\/12\/sfondo-merida-1024x683.png') center center \/ cover no-repeat; min-height: 400px;\"\n        >\n            <\/figure>\n\n    <\/div>\n<\/div>\n<\/section>\n\n<section class=\"wao-blocks-container container-fluid mb-0 px-5 pb-5\"\n\t\t>\n    \n<div class=\"wao-blocks-row row\" >\n    \n\n<div class=\"col-12 col-md-12 col-lg-6 col-xl-5 p-0 order-lg-3 order-2\"\n     \n\t \n\t>\n        \n<div class=\"p-4 g--bkg-light-01 w-100 h-100 boxborder-r60\" >\n\n\n<h2 class=\"wp-block-heading has-text-align-left h1\">Arena sul mare<\/h2>\n\n\n\n<p class=\"has-text-align-left font-weight-bold h3 text-uppercase \">Concerti e grandi eventi<\/p>\n\n\n<hr class=\"mt-0 ml-1 hr-personalizzata\">\n\n\n<p>Un grande palco, numerosi posti a sedere e un\u2019atmosfera sospesa tra il blu del mare e del cielo, fanno da sfondo ai <strong>concerti ed eventi musicali <\/strong>che aggiungono ancora pi\u00f9 ritmo alla spumeggiante estate di Gatteo Mare.<\/p>\n\n\n\n<p><br><strong>Serate adatte a grandi e piccini<\/strong>, accompagnate dalla musica e dalle grandi voci italiane che si incontrano con le realt\u00e0 musicali locali, dando vita a coinvolgenti spettacoli.<\/p>\n\n\n<\/div>\n    <\/div>\n\n\n<div class=\"col-12 col-lg-6 col-xl-5 p-0 order-lg-2 order-1\"\n     \n\t \n\t>\n        \n    <figure\n        class=\"wao-blocks-immagine-bkg w-100 h-100 m-0\"\n        style=\"background: url('http:\/\/www.hotelsplendid.info\/wp-content\/uploads\/2022\/12\/animazione-gatteo-village-3.jpg') center center \/ cover no-repeat; min-height: 400px;\"\n        >\n            <\/figure>\n\n    <\/div>\n\n\n<div class=\"col-12 col-xl-2 p-0 d-none d-xl-inline order-1\"\n     \n\t \n\t>\n        \n    <figure\n        class=\"wao-blocks-immagine-bkg h-100 w-100\"\n        style=\"background: url('http:\/\/www.hotelsplendid.info\/wp-content\/uploads\/2022\/12\/sfondo-merida-1024x683.png') center center \/ cover no-repeat; min-height: 400px;\"\n        >\n            <\/figure>\n\n    <\/div>\n<\/div>\n<\/section>\n\n<\/div>\n\n<section class=\"wao-blocks-container container-fluid mb-0 g--bkg-light-02\"\n\t\t>\n    \n<div class=\"wao-blocks-row row\" >\n    \n\n<div class=\"col-12 col-md-12\"\n     \n\t \n\t>\n        \n<div class=\"px-4 py-5\">\n\n\n<p class=\"has-text-align-center h1\">Punti Forza<\/p>\n\n\n\n<p class=\"has-text-align-center font-weight-bold h3 text-uppercase\">TUTTO QUELLO CHE DESIDERI<\/p>\n\n\n<hr class=\"mt-0 hr-personalizzata\">\n\n<\/div>\n<div class=\"mx-auto\" style=\"max-width:1280px;\">\n\n<div id=\"innerblocks-slider-parent1\" data-wrapAround='false' data-cellAlign=\"right\" data-bgLazyLoad=\"1\" data-freeScroll=\"false\" data-autoPlay=\"5000\" data-pauseAutoPlayOnHover =\"true\" data-prevNextButtons=\"false\" data-contain=\"true\" data-pageDots=\"false\" data-draggable=\"true\"  class=\"wrap-desktop js--flickity wao-blocks-slider innerblocks-slider-parent-51256 no-drag-fix-innerblocks-slider-parent-51256 \"  >\n            <div class=\"col-12 col-md-6 col-lg-3 p-0\" style=\"height:500px\">\n            \n    <div \n        class='innerblocks-slider-child wao-blocks-innerblocks-slider-child' \n        >\n        \n<div class=\"p-4 text-lg-left\">\n<figure class=\"thumbnail_primopiano mleft-47px\" style=\"margin-bottom:-20px;z-index:10\"><img decoding=\"async\" src=\"http:\/\/www.hotelsplendid.info\/wp-content\/uploads\/2022\/12\/vista-mare-splendid-2022.jpg\" alt=\"Hotel sul mare\" class=\"img-fluid mr-auto max-w-285px\"><\/figure>\n<div class=\"g--bkg-dark-01 px-3 pb-4 pt-forza ml-3 text-center text-uppercase text-tertiary font-weight-bold\">DIRETTAMENTE<br\/>SUL MARE<\/div>\n<\/div>\n\n    <\/div>\n    <style>\n        @media screen and (max-width: 992px) {\n            .innerblocks-slider-child {\n                margin: auto !important;\n            }\n        }\n    <\/style>\n  \n\n        <\/div>\n            <div class=\"col-12 col-md-6 col-lg-3 p-0\" style=\"height:500px\">\n            \n    <div \n        class='innerblocks-slider-child wao-blocks-innerblocks-slider-child' \n        >\n        \n<div class=\"p-4 text-center\">\n<figure class=\"thumbnail_primopiano mbottom-47px\" style=\"z-index:10;\"><img decoding=\"async\" src=\"http:\/\/www.hotelsplendid.info\/wp-content\/uploads\/2022\/12\/reception-splendid-2022.jpg\" alt=\"Gestione famigliare da 60 anni\" class=\"img-fluid mx-auto max-w-285px\"><\/figure>\n<div class=\"g--bkg-dark-01 px-3 pb-4 pt-forza mx-3 text-center  text-uppercase text-tertiary font-weight-bold\">GESTIONE FAMIGLIARE<br\/>DA 60 ANNI<\/div>\n<\/div>\n    <\/div>\n    <style>\n        @media screen and (max-width: 992px) {\n            .innerblocks-slider-child {\n                margin: auto !important;\n            }\n        }\n    <\/style>\n  \n\n        <\/div>\n            <div class=\"col-12 col-md-6 col-lg-3 p-0\" style=\"height:500px\">\n            \n    <div \n        class='innerblocks-slider-child wao-blocks-innerblocks-slider-child' \n        >\n        \n<div class=\"p-4 text-center\">\n<figure class=\"thumbnail_primopiano\" style=\"margin-bottom:-20px;z-index:10\"><img decoding=\"async\" src=\"http:\/\/www.hotelsplendid.info\/wp-content\/uploads\/2022\/12\/chef-splendid-2022.jpg\" alt=\"Cucina casalinga\" class=\"img-fluid mx-auto max-w-285px\"><\/figure>\n<div class=\"g--bkg-dark-01 px-3 pb-4 pt-forza  mx-3 text-center  text-uppercase text-tertiary font-weight-bold\">CUCINA<br\/>CASALINGA<\/div>\n<\/div>\n    <\/div>\n    <style>\n        @media screen and (max-width: 992px) {\n            .innerblocks-slider-child {\n                margin: auto !important;\n            }\n        }\n    <\/style>\n  \n\n        <\/div>\n            <div class=\"col-12 col-md-6 col-lg-3 p-0\" style=\"height:500px\">\n            \n    <div \n        class='innerblocks-slider-child wao-blocks-innerblocks-slider-child' \n        >\n        \n<div class=\"p-4 text-lg-right\">\n<figure class=\"thumbnail_primopiano\" style=\"margin-left:20px;margin-bottom:-20px;z-index:10;\"><img decoding=\"async\" src=\"http:\/\/www.hotelsplendid.info\/wp-content\/uploads\/2022\/12\/camera-fronte-mare-splendid.jpg\" alt=\"Camere con vista mare\" class=\"img-fluid ml-auto mr-0 max-w-285px\"><\/figure>\n<div class=\"g--bkg-dark-01 px-3 pb-4 pt-forza mr-3 text-center text-uppercase text-tertiary font-weight-bold\">CAMERE CON<br\/>VISTA MARE<\/div>\n<\/div>\n\n    <\/div>\n    <style>\n        @media screen and (max-width: 992px) {\n            .innerblocks-slider-child {\n                margin: auto !important;\n            }\n        }\n    <\/style>\n  \n        <\/div>\n    <\/div>\n<div id=\"innerblocks-slider-parent2\"  data-wrapAround='true' data-cellAlign=\"right\" data-bgLazyLoad=\"1\" data-freeScroll=\"false\" data-autoPlay=\"5000\" data-pauseAutoPlayOnHover =\"true\" data-prevNextButtons=\"false\" data-contain=\"true\" data-pageDots=\"false\" data-draggable=\"true\" class=\"wrap-mobile js--flickity wao-blocks-slider innerblocks-slider-parent-51256\"  >\n            <div class=\"col-12 col-md-6 col-lg-3 p-0\" style=\"height:500px\">\n            \n    <div \n        class='innerblocks-slider-child wao-blocks-innerblocks-slider-child' \n        >\n        \n<div class=\"p-4 text-lg-left\">\n<figure class=\"thumbnail_primopiano mleft-47px\" style=\"margin-bottom:-20px;z-index:10\"><img decoding=\"async\" src=\"http:\/\/www.hotelsplendid.info\/wp-content\/uploads\/2022\/12\/vista-mare-splendid-2022.jpg\" alt=\"Hotel sul mare\" class=\"img-fluid mr-auto max-w-285px\"><\/figure>\n<div class=\"g--bkg-dark-01 px-3 pb-4 pt-forza ml-3 text-center text-uppercase text-tertiary font-weight-bold\">DIRETTAMENTE<br\/>SUL MARE<\/div>\n<\/div>\n\n    <\/div>\n    <style>\n        @media screen and (max-width: 992px) {\n            .innerblocks-slider-child {\n                margin: auto !important;\n            }\n        }\n    <\/style>\n  \n\n        <\/div>\n            <div class=\"col-12 col-md-6 col-lg-3 p-0\" style=\"height:500px\">\n            \n    <div \n        class='innerblocks-slider-child wao-blocks-innerblocks-slider-child' \n        >\n        \n<div class=\"p-4 text-center\">\n<figure class=\"thumbnail_primopiano mbottom-47px\" style=\"z-index:10;\"><img decoding=\"async\" src=\"http:\/\/www.hotelsplendid.info\/wp-content\/uploads\/2022\/12\/reception-splendid-2022.jpg\" alt=\"Gestione famigliare da 60 anni\" class=\"img-fluid mx-auto max-w-285px\"><\/figure>\n<div class=\"g--bkg-dark-01 px-3 pb-4 pt-forza mx-3 text-center  text-uppercase text-tertiary font-weight-bold\">GESTIONE FAMIGLIARE<br\/>DA 60 ANNI<\/div>\n<\/div>\n    <\/div>\n    <style>\n        @media screen and (max-width: 992px) {\n            .innerblocks-slider-child {\n                margin: auto !important;\n            }\n        }\n    <\/style>\n  \n\n        <\/div>\n            <div class=\"col-12 col-md-6 col-lg-3 p-0\" style=\"height:500px\">\n            \n    <div \n        class='innerblocks-slider-child wao-blocks-innerblocks-slider-child' \n        >\n        \n<div class=\"p-4 text-center\">\n<figure class=\"thumbnail_primopiano\" style=\"margin-bottom:-20px;z-index:10\"><img decoding=\"async\" src=\"http:\/\/www.hotelsplendid.info\/wp-content\/uploads\/2022\/12\/chef-splendid-2022.jpg\" alt=\"Cucina casalinga\" class=\"img-fluid mx-auto max-w-285px\"><\/figure>\n<div class=\"g--bkg-dark-01 px-3 pb-4 pt-forza  mx-3 text-center  text-uppercase text-tertiary font-weight-bold\">CUCINA<br\/>CASALINGA<\/div>\n<\/div>\n    <\/div>\n    <style>\n        @media screen and (max-width: 992px) {\n            .innerblocks-slider-child {\n                margin: auto !important;\n            }\n        }\n    <\/style>\n  \n\n        <\/div>\n            <div class=\"col-12 col-md-6 col-lg-3 p-0\" style=\"height:500px\">\n            \n    <div \n        class='innerblocks-slider-child wao-blocks-innerblocks-slider-child' \n        >\n        \n<div class=\"p-4 text-lg-right\">\n<figure class=\"thumbnail_primopiano\" style=\"margin-left:20px;margin-bottom:-20px;z-index:10;\"><img decoding=\"async\" src=\"http:\/\/www.hotelsplendid.info\/wp-content\/uploads\/2022\/12\/camera-fronte-mare-splendid.jpg\" alt=\"Camere con vista mare\" class=\"img-fluid ml-auto mr-0 max-w-285px\"><\/figure>\n<div class=\"g--bkg-dark-01 px-3 pb-4 pt-forza mr-3 text-center text-uppercase text-tertiary font-weight-bold\">CAMERE CON<br\/>VISTA MARE<\/div>\n<\/div>\n\n    <\/div>\n    <style>\n        @media screen and (max-width: 992px) {\n            .innerblocks-slider-child {\n                margin: auto !important;\n            }\n        }\n    <\/style>\n  \n        <\/div>\n    <\/div>\n\n<\/div>\n    <\/div>\n<\/div>\n<\/section>\n\n<div class=\"g--bkg-light-02 text-center\">\n\n\n<section class=\"wao-blocks-container container-fluid mb-0 sf-merida\"\n\t\t>\n    \n<div class=\"wao-blocks-row row\" >\n    \n\n<div class=\"col-12 col-md-12\"\n     \n\t \n\t>\n        \n<div class=\"d-flex justify-content-center mx-auto max-width-1120\" style=\"margin-top:-45px; \">\n<div>\n<figure class=\"d-none d-lg-block m-0 p-0 max-width-1120\"><img decoding=\"async\" src=\"http:\/\/www.hotelsplendid.info\/wp-content\/uploads\/2022\/12\/top-merida-1.png\" class=\"img-fluid mx-auto mb-0 max-width-1120\" alt=\"Decorazione\"><\/figure>\n<div class=\"px-5 pt-2 pb-5 g--bkg-light-04 text-left\">\n<div class=\"h1 text-center mb-3 p-4\">Richiedi un preventivo gratuito<\/div>\n<div class=\"mx-auto\" style=\"max-width:850px;\">\n\n\n<div class=\"merida_root\" id=\"merida_block\"><\/div>\n\n<script>\nvar merida_config_merida_block = {\n    customerId: 1243 ,\n    showSuccessModal : true,\n    rootEl: \"merida_block\",\n    childrenAgeMax: 16,\n    childrenAgeMin: 0,\n    layout: \"compact\",\n    language: \"en\",\n                theme : {\n        colors: {\n            primary: '#a17f29',\n            primaryTextAlt: '#ffffff',\n            secondary: '#450d0d',\n            secondaryTextAlt: '#ffffff',\n            text: '#3e464c',\n            error: '#cc0033',\n            formBackground: '#ffffff',\n            label: '#4d4d4d',\n            labelInput: '#450d0d',\n            labelInputActive: '#7ebd6d',\n            inputBackground: '#ffffff',\n            inputBorder: '#b8ac99',\n            checkboxBorder: '#ffffff',\n        }\n    },\n    onSuccess : function(res) {\n        \n                        if (typeof(ga) !== 'undefined') {\n                   ga('send', 'event', 'Email', 'Invio', 'Form');\n                }\n                    }\n};\n\n(function(url, cb) {\n    var s = document.createElement(\"script\");\n    s.type = \"text\/javascript\";\n\n    if (s.readyState) { \/\/IE\n        s.onreadystatechange = function() {\n            if (s.readyState == \"loaded\" || s.readyState == \"complete\") {\n                s.onreadystatechange = null;\n                cb();\n            }\n        };\n    } else { \/\/Others\n        s.onload = function() {\n            cb();\n        };\n    }\n\n    s.src = url;\n    document.getElementsByTagName(\"head\")[0].appendChild(s);\n})(\"https:\/\/static.adriasonline.it\/merida\/latest\/merida.js\", function() {\n    window.aoForm = merida(merida_config_merida_block);\n});\n<\/script>\n\n<\/div>\n\n<\/div>\n<\/div>\n<\/div>\n    <\/div>\n<\/div>\n<\/section>\n\n<\/div>","protected":false},"excerpt":{"rendered":"","protected":false},"author":1,"featured_media":0,"parent":0,"menu_order":0,"comment_status":"closed","ping_status":"closed","template":"","meta":{"footnotes":""},"class_list":["post-1442","page","type-page","status-publish","hentry"],"_links":{"self":[{"href":"https:\/\/www.hotelsplendid.info\/en\/wp-json\/wp\/v2\/pages\/1442","targetHints":{"allow":["GET"]}}],"collection":[{"href":"https:\/\/www.hotelsplendid.info\/en\/wp-json\/wp\/v2\/pages"}],"about":[{"href":"https:\/\/www.hotelsplendid.info\/en\/wp-json\/wp\/v2\/types\/page"}],"author":[{"embeddable":true,"href":"https:\/\/www.hotelsplendid.info\/en\/wp-json\/wp\/v2\/users\/1"}],"replies":[{"embeddable":true,"href":"https:\/\/www.hotelsplendid.info\/en\/wp-json\/wp\/v2\/comments?post=1442"}],"version-history":[{"count":36,"href":"https:\/\/www.hotelsplendid.info\/en\/wp-json\/wp\/v2\/pages\/1442\/revisions"}],"predecessor-version":[{"id":2602,"href":"https:\/\/www.hotelsplendid.info\/en\/wp-json\/wp\/v2\/pages\/1442\/revisions\/2602"}],"wp:attachment":[{"href":"https:\/\/www.hotelsplendid.info\/en\/wp-json\/wp\/v2\/media?parent=1442"}],"curies":[{"name":"wp","href":"https:\/\/api.w.org\/{rel}","templated":true}]}}