{"id":1315,"date":"2022-12-14T13:20:09","date_gmt":"2022-12-14T12:20:09","guid":{"rendered":"http:\/\/www.hotelsplendid.info\/?page_id=1315"},"modified":"2026-02-23T16:23:38","modified_gmt":"2026-02-23T15:23:38","slug":"escursioni","status":"publish","type":"page","link":"https:\/\/www.hotelsplendid.info\/en\/escursioni\/","title":{"rendered":"Excursions"},"content":{"rendered":"<div class=\"g--bkg-light-01\">\n\n\n<section class=\"wao-blocks-container container-fluid mb-0 p-0 g--bkg-light-01\"\n\t\t>\n    \n<div class=\"wao-blocks-row row p-0 m-0\" >\n    \n\n<div class=\"col-12 col-md-12 p-0 m-0 position-relative\"\n     \n\t \n\t>\n        \n\n<div id=\"flc-carousel\" data-cellAlign=\"center\" data-bgLazyLoad=\"1\" data-freeScroll=\"true\" data-wrapAround=\"true\" data-autoPlay=\"2000\" data-pauseAutoPlayOnHover =\"true\" data-prevNextButtons=\"false\" data-contain=\"true\" data-pageDots=\"false\" data-draggable=\"false\" data-groupCells=\"1\" data-fade=\"false\" class=\"js--flickity wao-blocks-slider slider-top flc-carousel-90539\"  >\n\n                            <div class=\"w-100\">\n                    \n    <div style='background: url(http:\/\/www.hotelsplendid.info\/wp-content\/uploads\/2022\/12\/top-escursioni.jpeg)center center rgba(56,38,30,0.5); background-blend-mode: multiply; background-size: cover; height: 65vh; background-position: 50% 50%;' class='wao-blocks-flc-banner'>\n        <div \n            class='carousel-caption mobile-tablet-centered text-center' \n                        style='max-width: 500px; bottom: 5%; background-color:  ; margin:  auto            '>\n                    <\/div>\n        <style>\n            @media screen and (max-width: 992px) {\n                .mobile-tablet-centered {\n                    margin: auto !important;\n                }\n            }\n        <\/style>\n    <\/div>\n    \n                <\/div>\n            \n<\/div>\n\n<div class=\"position-absolute l--top d-none d-md-flex align-items-center justify-content-start l--left z-index-10\" style=\"margin-top:25vh\">\n<span class=\"h1 text-white text-italic pl-5 py-4 border-bottom-4px g--b-c-02 text-right \">Escursioni<\/span>\n<\/div>\n    <\/div>\n<\/div>\n<\/section>\n\n<section class=\"wao-blocks-container container-fluid mb-0 d-flex align-items-center justify-content-center g--bkg-light-01\"\n\t\t>\n    \n<div class=\"wao-blocks-row row\" >\n    \n\n<div class=\"col-12 col-md-12 p-5\"\n     \n\t \n\t>\n        \n<div class=\" mx-auto\" style=\"max-width:1024px;\">\n\n\n<div class=\"breadcrumb-block p-3\"\n    >\n    <div class=\"text-primary mx-auto text-center small font-weight-bold\">\n        <a href=\"https:\/\/www.hotelsplendid.info\/en\" rel=\"nofollow\" title=\"Home\">Home &gt;<\/a>\n        Escursioni    <\/div>\n<\/div>\n\n\n<h1 class=\"wp-block-heading has-text-align-center\">Tra borghi e paesaggi da immortalare<\/h1>\n\n\n\n<h2 class=\"wp-block-heading has-text-align-center h3 pb-4 m-0 text-uppercase\">Per una vacanza a 360\u00b0<\/h2>\n\n\n<hr class=\"mt-0 mb-4 hr-personalizzata\">\n\n\n<p class=\"has-text-align-center\">La Riviera Romagnola, oltre a godere di bellissime spiagge, ha uno <strong>splendido entroterra <\/strong>fatto di verdi campagne, colline che guardano il mare e affascinanti borghi testimonianza di antiche storie tutte da scoprire.<\/p>\n\n\n\n<p class=\"has-text-align-center\">Qui ti raccontiamo le nostre preferite, tu non dimenticarti le scarpe comode in valigia e preparati a magiche visite!<\/p>\n\n\n<\/div>\n    <\/div>\n<\/div>\n<\/section>\n\n<section class=\"wao-blocks-container container-fluid mb-0 px-5 pb-5\"\n\t\t>\n    \n<div class=\"wao-blocks-row row\" >\n    \n\n<div class=\"col-12 col-md-12 col-lg-6 col-xl-5 p-0 order-lg-1 order-2\"\n     \n\t \n\t>\n        \n<div class=\"p-4 g--bkg-light-01 w-100 h-100 boxborder-l60\" >\n\n\n<h2 class=\"wp-block-heading has-text-align-left text-tertiary\">Rimini<\/h2>\n\n\n\n<p class=\"has-text-align-left\">Culla del turismo romagnolo, dove il mare \u00e8 uno stile di vita, Rimini accoglie ogni anno migliaia e migliaia di turisti in cerca di <strong>relax e divertimento<\/strong>.<\/p>\n\n\n\n<p class=\"has-text-align-left\">Ma Rimini \u00e8 anche una citt\u00e0 <strong>ricca di storia<\/strong>, con un centro cittadino che \u00e8 in realt\u00e0 un museo a cielo aperto, ricco di monumenti e tracce di storia: dagli antichi romani al rinascimento, fino ad arrivare al cinema del grande Federico Fellini.<\/p>\n\n\n<hr class=\"mt-0 ml-1 hr-personalizzata\">\n\n\n<h2 class=\"wp-block-heading has-text-align-left text-tertiary\">Ravenna<\/h2>\n\n\n\n<p class=\"has-text-align-left\">Ravenna \u00e8 conosciuta come la <strong>capitale mondiale dell'arte del mosaico<\/strong> e ospita ben otto monumenti che sono stati dichiarati Patrimonio dell\u2019umanit\u00e0 dall'Unesco.<\/p>\n\n\n\n<p class=\"has-text-align-left\">Circondata dal verde della sua pineta, <strong>bella e affascinante in ogni stagione<\/strong>, \u00e8 meta preferita dagli amanti dell\u2019arte e non solo. Infatti questa citt\u00e0 offre anche un grazioso centro storico dove passeggiare tra botteghe artigiane e boutique delle grandi firme.<\/p>\n\n\n<\/div>\n    <\/div>\n\n\n<div class=\"col-12 col-lg-6 col-xl-5 p-0 order-lg-2 order-1\"\n     \n\t \n\t>\n        \n    <figure\n        class=\"wao-blocks-immagine-bkg w-100 h-100 m-0\"\n        style=\"background: url('http:\/\/www.hotelsplendid.info\/wp-content\/uploads\/2022\/12\/escursioni-rimini.jpeg') center center \/ cover no-repeat; min-height: 400px;\"\n        >\n            <\/figure>\n\n    <\/div>\n\n\n<div class=\"col-12 col-xl-2 p-0 d-none d-xl-inline order-3\"\n     \n\t \n\t>\n        \n    <figure\n        class=\"wao-blocks-immagine-bkg h-100 w-100\"\n        style=\"background: url('http:\/\/www.hotelsplendid.info\/wp-content\/uploads\/2022\/12\/sfondo-merida-1024x683.png') center center \/ cover no-repeat; min-height: 400px;\"\n        >\n            <\/figure>\n\n    <\/div>\n<\/div>\n<\/section>\n\n<section class=\"wao-blocks-container container-fluid mb-0 px-5 pb-5\"\n\t\t>\n    \n<div class=\"wao-blocks-row row\" >\n    \n\n<div class=\"col-12 col-md-12 col-lg-6 col-xl-5 p-0 order-lg-3 order-2\"\n     \n\t \n\t>\n        \n<div class=\"p-4 g--bkg-light-01 w-100 h-100 boxborder-r60\" >\n\n\n<h2 class=\"wp-block-heading has-text-align-left text-tertiary\">Santarcangelo di Romagna<\/h2>\n\n\n\n<p class=\"has-text-align-left\">A poco pi\u00f9 di 20 minuti da noi sorge <strong>Santarcangelo di Romagna<\/strong>, una cittadina ricca di memorie storiche, di bellezze naturali come le grotte tufacee, che in parte si possono visitare ancora oggi, e sede di <strong>itinerari gastronomici<\/strong> di assoluto rilievo.<\/p>\n\n\n\n<p class=\"has-text-align-left\">La sera poi l\u2019aria si riempie di incanto con i tanti localini d\u2019atmosfera che popolano le vie del centro storico e che ti aspettano per farti gustare tante specialit\u00e0 tipiche della zona. a prova di Instagram stories!<\/p>\n\n\n<hr class=\"mt-0 ml-1 hr-personalizzata\">\n\n\n<h2 class=\"wp-block-heading has-text-align-left text-tertiary\">Cesena<\/h2>\n\n\n\n<p class=\"has-text-align-left\">Al centro della Romagna, sorge Cesena, tra le pi\u00f9 importanti citt\u00e0 malatestiane. Nota meta d\u2019arte, non pu\u00f2 mancare una visita alla <strong>Biblioteca Malatestiana<\/strong>, la prima Biblioteca Civica d\u2019Italia e riconosciuta nel 2005 \u201cMemoria del Mondo\u201d dall\u2019Unesco. La spettacolarit\u00e0 di questa citt\u00e0 continua poi in tutto il centro storico e nella Rocca Malatestiana.<\/p>\n\n\n\n<p class=\"has-text-align-left\">E per concludere al meglio, non pu\u00f2 mancare una buona piadina: quella cesenate \u00e8 leggermente pi\u00f9 spessa rispetto alla riminese. Da provare!<\/p>\n\n\n<\/div>\n    <\/div>\n\n\n<div class=\"col-12 col-lg-6 col-xl-5 p-0 order-lg-2 order-1\"\n     \n\t \n\t>\n        \n    <figure\n        class=\"wao-blocks-immagine-bkg w-100 h-100 m-0\"\n        style=\"background: url('http:\/\/www.hotelsplendid.info\/wp-content\/uploads\/2022\/12\/escursioni-sarcangelo.jpeg') center center \/ cover no-repeat; min-height: 400px;\"\n        >\n            <\/figure>\n\n    <\/div>\n\n\n<div class=\"col-12 col-xl-2 p-0 d-none d-xl-inline order-1\"\n     \n\t \n\t>\n        \n    <figure\n        class=\"wao-blocks-immagine-bkg h-100 w-100\"\n        style=\"background: url('http:\/\/www.hotelsplendid.info\/wp-content\/uploads\/2022\/12\/sfondo-merida-1024x683.png') center center \/ cover no-repeat; min-height: 400px;\"\n        >\n            <\/figure>\n\n    <\/div>\n<\/div>\n<\/section>\n\n<section class=\"wao-blocks-container container-fluid mb-0 px-5 pb-5\"\n\t\t>\n    \n<div class=\"wao-blocks-row row\" >\n    \n\n<div class=\"col-12 col-md-12 col-lg-6 col-xl-5 p-0 order-lg-1 order-2\"\n     \n\t \n\t>\n        \n<div class=\"p-4 g--bkg-light-01 w-100 h-100 boxborder-l60\" >\n\n\n<h2 class=\"wp-block-heading has-text-align-left text-tertiary\">San Leo<\/h2>\n\n\n\n<p>Annoverato tra i \u201cBorghi pi\u00f9 belli d\u2019Italia\u201d, la storia di questa citt\u00e0 \u00e8 leggibile grazie ai preziosi monumenti d'arte che conserva.<\/p>\n\n\n\n<p>Il suo centro storico sprigiona bellezza in ogni periodo dell\u2019anno, a cui si affiancano l\u2019imponente fortezza, la Pieve, la Cattedrale e la Torre.Ma il fascino di questa cittadina \u00e8 dato anche dalla <strong>magnifica vista<\/strong>, dove lo sguardo si perde sulle colline circostanti, lungo la valle del Marecchia e gi\u00f9 fino al mare.<\/p>\n\n\n<hr class=\"mt-0 ml-1 hr-personalizzata\">\n\n\n<h2 class=\"wp-block-heading has-text-align-left text-tertiary\">San Marino<\/h2>\n\n\n\n<p>A pi\u00f9 di 800 metri sul livello del mare, sorge la pi\u00f9 antica Repubblica d'Europa, San Marino. Fiera nel suo fascino unico, durante tutto l\u2019anno \u00e8 meta di turisti provenienti da tutto il mondo che rimangono affascinati dalle sue <strong>vie cariche di storia e tradizioni e incantati dalla spettacolare vista <\/strong>che si protende fino al mare.<\/p>\n\n\n\n<p>Inoltre \u00e8 conosciuta anche per essere la <strong>patria degli outlet<\/strong>, amata dai fashion addicted in cerca di capi firmati a prezzi vantaggiosi!<\/p>\n\n\n<\/div>\n    <\/div>\n\n\n<div class=\"col-12 col-lg-6 col-xl-5 p-0 order-lg-2 order-1\"\n     \n\t \n\t>\n        \n    <figure\n        class=\"wao-blocks-immagine-bkg w-100 h-100 m-0\"\n        style=\"background: url('http:\/\/www.hotelsplendid.info\/wp-content\/uploads\/2022\/12\/escursioni-sanleo.jpeg') center center \/ cover no-repeat; min-height: 400px;\"\n        >\n            <\/figure>\n\n    <\/div>\n\n\n<div class=\"col-12 col-xl-2 p-0 d-none d-xl-inline order-3\"\n     \n\t \n\t>\n        \n    <figure\n        class=\"wao-blocks-immagine-bkg h-100 w-100\"\n        style=\"background: url('http:\/\/www.hotelsplendid.info\/wp-content\/uploads\/2022\/12\/sfondo-merida-1024x683.png') center center \/ cover no-repeat; min-height: 400px;\"\n        >\n            <\/figure>\n\n    <\/div>\n<\/div>\n<\/section>\n\n<\/div>\n\n<section class=\"wao-blocks-container container-fluid mb-0 g--bkg-light-02\"\n\t\t>\n    \n<div class=\"wao-blocks-row row\" >\n    \n\n<div class=\"col-12 col-md-12\"\n     \n\t \n\t>\n        \n<div class=\"px-4 py-5\">\n\n\n<p class=\"has-text-align-center h1\">Punti Forza<\/p>\n\n\n\n<p class=\"has-text-align-center font-weight-bold h3 text-uppercase\">TUTTO QUELLO CHE DESIDERI<\/p>\n\n\n<hr class=\"mt-0 hr-personalizzata\">\n\n<\/div>\n<div class=\"mx-auto\" style=\"max-width:1280px;\">\n\n<div id=\"innerblocks-slider-parent1\" data-wrapAround='false' data-cellAlign=\"right\" data-bgLazyLoad=\"1\" data-freeScroll=\"false\" data-autoPlay=\"5000\" data-pauseAutoPlayOnHover =\"true\" data-prevNextButtons=\"false\" data-contain=\"true\" data-pageDots=\"false\" data-draggable=\"true\"  class=\"wrap-desktop js--flickity wao-blocks-slider innerblocks-slider-parent-67581 no-drag-fix-innerblocks-slider-parent-67581 \"  >\n            <div class=\"col-12 col-md-6 col-lg-3 p-0\" style=\"height:500px\">\n            \n    <div \n        class='innerblocks-slider-child wao-blocks-innerblocks-slider-child' \n        >\n        \n<div class=\"p-4 text-lg-left\">\n<figure class=\"thumbnail_primopiano mleft-47px\" style=\"margin-bottom:-20px;z-index:10\"><img decoding=\"async\" src=\"http:\/\/www.hotelsplendid.info\/wp-content\/uploads\/2022\/12\/vista-mare-splendid-2022.jpg\" alt=\"Hotel sul mare\" class=\"img-fluid mr-auto max-w-285px\"><\/figure>\n<div class=\"g--bkg-dark-01 px-3 pb-4 pt-forza ml-3 text-center text-uppercase text-tertiary font-weight-bold\">DIRETTAMENTE<br\/>SUL MARE<\/div>\n<\/div>\n\n    <\/div>\n    <style>\n        @media screen and (max-width: 992px) {\n            .innerblocks-slider-child {\n                margin: auto !important;\n            }\n        }\n    <\/style>\n  \n\n        <\/div>\n            <div class=\"col-12 col-md-6 col-lg-3 p-0\" style=\"height:500px\">\n            \n    <div \n        class='innerblocks-slider-child wao-blocks-innerblocks-slider-child' \n        >\n        \n<div class=\"p-4 text-center\">\n<figure class=\"thumbnail_primopiano mbottom-47px\" style=\"z-index:10;\"><img decoding=\"async\" src=\"http:\/\/www.hotelsplendid.info\/wp-content\/uploads\/2022\/12\/reception-splendid-2022.jpg\" alt=\"Gestione famigliare da 60 anni\" class=\"img-fluid mx-auto max-w-285px\"><\/figure>\n<div class=\"g--bkg-dark-01 px-3 pb-4 pt-forza mx-3 text-center  text-uppercase text-tertiary font-weight-bold\">GESTIONE FAMIGLIARE<br\/>DA 60 ANNI<\/div>\n<\/div>\n    <\/div>\n    <style>\n        @media screen and (max-width: 992px) {\n            .innerblocks-slider-child {\n                margin: auto !important;\n            }\n        }\n    <\/style>\n  \n\n        <\/div>\n            <div class=\"col-12 col-md-6 col-lg-3 p-0\" style=\"height:500px\">\n            \n    <div \n        class='innerblocks-slider-child wao-blocks-innerblocks-slider-child' \n        >\n        \n<div class=\"p-4 text-center\">\n<figure class=\"thumbnail_primopiano\" style=\"margin-bottom:-20px;z-index:10\"><img decoding=\"async\" src=\"http:\/\/www.hotelsplendid.info\/wp-content\/uploads\/2022\/12\/chef-splendid-2022.jpg\" alt=\"Cucina casalinga\" class=\"img-fluid mx-auto max-w-285px\"><\/figure>\n<div class=\"g--bkg-dark-01 px-3 pb-4 pt-forza  mx-3 text-center  text-uppercase text-tertiary font-weight-bold\">CUCINA<br\/>CASALINGA<\/div>\n<\/div>\n    <\/div>\n    <style>\n        @media screen and (max-width: 992px) {\n            .innerblocks-slider-child {\n                margin: auto !important;\n            }\n        }\n    <\/style>\n  \n\n        <\/div>\n            <div class=\"col-12 col-md-6 col-lg-3 p-0\" style=\"height:500px\">\n            \n    <div \n        class='innerblocks-slider-child wao-blocks-innerblocks-slider-child' \n        >\n        \n<div class=\"p-4 text-lg-right\">\n<figure class=\"thumbnail_primopiano\" style=\"margin-left:20px;margin-bottom:-20px;z-index:10;\"><img decoding=\"async\" src=\"http:\/\/www.hotelsplendid.info\/wp-content\/uploads\/2022\/12\/camera-fronte-mare-splendid.jpg\" alt=\"Camere con vista mare\" class=\"img-fluid ml-auto mr-0 max-w-285px\"><\/figure>\n<div class=\"g--bkg-dark-01 px-3 pb-4 pt-forza mr-3 text-center text-uppercase text-tertiary font-weight-bold\">CAMERE CON<br\/>VISTA MARE<\/div>\n<\/div>\n\n    <\/div>\n    <style>\n        @media screen and (max-width: 992px) {\n            .innerblocks-slider-child {\n                margin: auto !important;\n            }\n        }\n    <\/style>\n  \n        <\/div>\n    <\/div>\n<div id=\"innerblocks-slider-parent2\"  data-wrapAround='true' data-cellAlign=\"right\" data-bgLazyLoad=\"1\" data-freeScroll=\"false\" data-autoPlay=\"5000\" data-pauseAutoPlayOnHover =\"true\" data-prevNextButtons=\"false\" data-contain=\"true\" data-pageDots=\"false\" data-draggable=\"true\" class=\"wrap-mobile js--flickity wao-blocks-slider innerblocks-slider-parent-67581\"  >\n            <div class=\"col-12 col-md-6 col-lg-3 p-0\" style=\"height:500px\">\n            \n    <div \n        class='innerblocks-slider-child wao-blocks-innerblocks-slider-child' \n        >\n        \n<div class=\"p-4 text-lg-left\">\n<figure class=\"thumbnail_primopiano mleft-47px\" style=\"margin-bottom:-20px;z-index:10\"><img decoding=\"async\" src=\"http:\/\/www.hotelsplendid.info\/wp-content\/uploads\/2022\/12\/vista-mare-splendid-2022.jpg\" alt=\"Hotel sul mare\" class=\"img-fluid mr-auto max-w-285px\"><\/figure>\n<div class=\"g--bkg-dark-01 px-3 pb-4 pt-forza ml-3 text-center text-uppercase text-tertiary font-weight-bold\">DIRETTAMENTE<br\/>SUL MARE<\/div>\n<\/div>\n\n    <\/div>\n    <style>\n        @media screen and (max-width: 992px) {\n            .innerblocks-slider-child {\n                margin: auto !important;\n            }\n        }\n    <\/style>\n  \n\n        <\/div>\n            <div class=\"col-12 col-md-6 col-lg-3 p-0\" style=\"height:500px\">\n            \n    <div \n        class='innerblocks-slider-child wao-blocks-innerblocks-slider-child' \n        >\n        \n<div class=\"p-4 text-center\">\n<figure class=\"thumbnail_primopiano mbottom-47px\" style=\"z-index:10;\"><img decoding=\"async\" src=\"http:\/\/www.hotelsplendid.info\/wp-content\/uploads\/2022\/12\/reception-splendid-2022.jpg\" alt=\"Gestione famigliare da 60 anni\" class=\"img-fluid mx-auto max-w-285px\"><\/figure>\n<div class=\"g--bkg-dark-01 px-3 pb-4 pt-forza mx-3 text-center  text-uppercase text-tertiary font-weight-bold\">GESTIONE FAMIGLIARE<br\/>DA 60 ANNI<\/div>\n<\/div>\n    <\/div>\n    <style>\n        @media screen and (max-width: 992px) {\n            .innerblocks-slider-child {\n                margin: auto !important;\n            }\n        }\n    <\/style>\n  \n\n        <\/div>\n            <div class=\"col-12 col-md-6 col-lg-3 p-0\" style=\"height:500px\">\n            \n    <div \n        class='innerblocks-slider-child wao-blocks-innerblocks-slider-child' \n        >\n        \n<div class=\"p-4 text-center\">\n<figure class=\"thumbnail_primopiano\" style=\"margin-bottom:-20px;z-index:10\"><img decoding=\"async\" src=\"http:\/\/www.hotelsplendid.info\/wp-content\/uploads\/2022\/12\/chef-splendid-2022.jpg\" alt=\"Cucina casalinga\" class=\"img-fluid mx-auto max-w-285px\"><\/figure>\n<div class=\"g--bkg-dark-01 px-3 pb-4 pt-forza  mx-3 text-center  text-uppercase text-tertiary font-weight-bold\">CUCINA<br\/>CASALINGA<\/div>\n<\/div>\n    <\/div>\n    <style>\n        @media screen and (max-width: 992px) {\n            .innerblocks-slider-child {\n                margin: auto !important;\n            }\n        }\n    <\/style>\n  \n\n        <\/div>\n            <div class=\"col-12 col-md-6 col-lg-3 p-0\" style=\"height:500px\">\n            \n    <div \n        class='innerblocks-slider-child wao-blocks-innerblocks-slider-child' \n        >\n        \n<div class=\"p-4 text-lg-right\">\n<figure class=\"thumbnail_primopiano\" style=\"margin-left:20px;margin-bottom:-20px;z-index:10;\"><img decoding=\"async\" src=\"http:\/\/www.hotelsplendid.info\/wp-content\/uploads\/2022\/12\/camera-fronte-mare-splendid.jpg\" alt=\"Camere con vista mare\" class=\"img-fluid ml-auto mr-0 max-w-285px\"><\/figure>\n<div class=\"g--bkg-dark-01 px-3 pb-4 pt-forza mr-3 text-center text-uppercase text-tertiary font-weight-bold\">CAMERE CON<br\/>VISTA MARE<\/div>\n<\/div>\n\n    <\/div>\n    <style>\n        @media screen and (max-width: 992px) {\n            .innerblocks-slider-child {\n                margin: auto !important;\n            }\n        }\n    <\/style>\n  \n        <\/div>\n    <\/div>\n\n<\/div>\n    <\/div>\n<\/div>\n<\/section>\n\n<div class=\"g--bkg-light-02 text-center\">\n\n\n<section class=\"wao-blocks-container container-fluid mb-0 sf-merida\"\n\t\t>\n    \n<div class=\"wao-blocks-row row\" >\n    \n\n<div class=\"col-12 col-md-12\"\n     \n\t \n\t>\n        \n<div class=\"d-flex justify-content-center mx-auto max-width-1120\" style=\"margin-top:-45px; \">\n<div>\n<figure class=\"d-none d-lg-block m-0 p-0 max-width-1120\"><img decoding=\"async\" src=\"http:\/\/www.hotelsplendid.info\/wp-content\/uploads\/2022\/12\/top-merida-1.png\" class=\"img-fluid mx-auto mb-0 max-width-1120\" alt=\"Decorazione\"><\/figure>\n<div class=\"px-5 pt-2 pb-5 g--bkg-light-04 text-left\">\n<div class=\"h1 text-center mb-3 p-4\">Richiedi un preventivo gratuito<\/div>\n<div class=\"mx-auto\" style=\"max-width:850px;\">\n\n\n<div class=\"merida_root\" id=\"merida_block\"><\/div>\n\n<script>\nvar merida_config_merida_block = {\n    customerId: 1243 ,\n    showSuccessModal : true,\n    rootEl: \"merida_block\",\n    childrenAgeMax: 16,\n    childrenAgeMin: 0,\n    layout: \"compact\",\n    language: \"en\",\n                theme : {\n        colors: {\n            primary: '#a17f29',\n            primaryTextAlt: '#ffffff',\n            secondary: '#450d0d',\n            secondaryTextAlt: '#ffffff',\n            text: '#3e464c',\n            error: '#cc0033',\n            formBackground: '#ffffff',\n            label: '#4d4d4d',\n            labelInput: '#450d0d',\n            labelInputActive: '#7ebd6d',\n            inputBackground: '#ffffff',\n            inputBorder: '#b8ac99',\n            checkboxBorder: '#ffffff',\n        }\n    },\n    onSuccess : function(res) {\n        \n                        if (typeof(ga) !== 'undefined') {\n                   ga('send', 'event', 'Email', 'Invio', 'Form');\n                }\n                    }\n};\n\n(function(url, cb) {\n    var s = document.createElement(\"script\");\n    s.type = \"text\/javascript\";\n\n    if (s.readyState) { \/\/IE\n        s.onreadystatechange = function() {\n            if (s.readyState == \"loaded\" || s.readyState == \"complete\") {\n                s.onreadystatechange = null;\n                cb();\n            }\n        };\n    } else { \/\/Others\n        s.onload = function() {\n            cb();\n        };\n    }\n\n    s.src = url;\n    document.getElementsByTagName(\"head\")[0].appendChild(s);\n})(\"https:\/\/static.adriasonline.it\/merida\/latest\/merida.js\", function() {\n    window.aoForm = merida(merida_config_merida_block);\n});\n<\/script>\n\n<\/div>\n\n<\/div>\n<\/div>\n<\/div>\n    <\/div>\n<\/div>\n<\/section>\n\n<\/div>","protected":false},"excerpt":{"rendered":"","protected":false},"author":1,"featured_media":0,"parent":0,"menu_order":0,"comment_status":"closed","ping_status":"closed","template":"","meta":{"footnotes":""},"class_list":["post-1315","page","type-page","status-publish","hentry"],"_links":{"self":[{"href":"https:\/\/www.hotelsplendid.info\/en\/wp-json\/wp\/v2\/pages\/1315","targetHints":{"allow":["GET"]}}],"collection":[{"href":"https:\/\/www.hotelsplendid.info\/en\/wp-json\/wp\/v2\/pages"}],"about":[{"href":"https:\/\/www.hotelsplendid.info\/en\/wp-json\/wp\/v2\/types\/page"}],"author":[{"embeddable":true,"href":"https:\/\/www.hotelsplendid.info\/en\/wp-json\/wp\/v2\/users\/1"}],"replies":[{"embeddable":true,"href":"https:\/\/www.hotelsplendid.info\/en\/wp-json\/wp\/v2\/comments?post=1315"}],"version-history":[{"count":21,"href":"https:\/\/www.hotelsplendid.info\/en\/wp-json\/wp\/v2\/pages\/1315\/revisions"}],"predecessor-version":[{"id":2600,"href":"https:\/\/www.hotelsplendid.info\/en\/wp-json\/wp\/v2\/pages\/1315\/revisions\/2600"}],"wp:attachment":[{"href":"https:\/\/www.hotelsplendid.info\/en\/wp-json\/wp\/v2\/media?parent=1315"}],"curies":[{"name":"wp","href":"https:\/\/api.w.org\/{rel}","templated":true}]}}